{"id":744,"date":"2021-04-23T16:44:03","date_gmt":"2021-04-23T20:44:03","guid":{"rendered":"https:\/\/derekvanheel.com\/?page_id=744"},"modified":"2021-04-24T10:50:54","modified_gmt":"2021-04-24T14:50:54","slug":"privacy","status":"publish","type":"page","link":"https:\/\/derekvanheel.com\/?page_id=744","title":{"rendered":"Privacy"},"content":{"rendered":"\n<p class=\"has-text-color\" style=\"color:#6bd620\">Legally, every website is now required to create and disclose a privacy  policy to its users. Here&#8217;s ours:<\/p>\n\n\n\n<p><strong class=\"privacy-policy-tutorial\">DVH<\/strong>Design does not collect any information about you unless you actively choose to share it via our Contact form.<\/p>\n\n\n\n<p>Well, that was easy. With all the time you just saved not reading a long privacy statement, you can watch a fun video* from this other website that will definitely collect as much information about you as possible:<\/p>\n\n\n\n<figure class=\"wp-block-embed is-type-video is-provider-youtube wp-block-embed-youtube wp-embed-aspect-16-9 wp-has-aspect-ratio\"><div class=\"wp-block-embed__wrapper\">\n<iframe loading=\"lazy\" title=\"Da\u00f0i Freyr (Da\u00f0i &amp; Gagnamagni\u00f0) \u2013 Think About Things (Official Video)\" width=\"920\" height=\"518\" src=\"https:\/\/www.youtube.com\/embed\/VFZNvj-HfBU?feature=oembed\" frameborder=\"0\" allow=\"accelerometer; autoplay; clipboard-write; encrypted-media; gyroscope; picture-in-picture\" allowfullscreen><\/iframe>\n<\/div><\/figure>\n\n\n\n<p class=\"has-small-font-size\">*<strong>DVH<\/strong>Design had nothing to do with the making of this video. We just like it.<\/p>\n","protected":false},"excerpt":{"rendered":"<p>Legally, every website is now required to create and disclose a privacy policy to its users. Here&#8217;s ours: DVHDesign does not collect any information about you unless you actively choose<\/p>\n<p class=\"more-link\"><a href=\"https:\/\/derekvanheel.com\/?page_id=744\" class=\"readmore\">Continue reading<svg class=\"icon icon-arrow-right\" aria-hidden=\"true\" role=\"img\"> <use href=\"#icon-arrow-right\" xlink:href=\"#icon-arrow-right\"><\/use> <\/svg><span class=\"screen-reader-text\">Privacy<\/span><\/a><\/p>\n","protected":false},"author":1,"featured_media":124,"parent":0,"menu_order":0,"comment_status":"closed","ping_status":"closed","template":"","meta":[],"_links":{"self":[{"href":"https:\/\/derekvanheel.com\/index.php?rest_route=\/wp\/v2\/pages\/744"}],"collection":[{"href":"https:\/\/derekvanheel.com\/index.php?rest_route=\/wp\/v2\/pages"}],"about":[{"href":"https:\/\/derekvanheel.com\/index.php?rest_route=\/wp\/v2\/types\/page"}],"author":[{"embeddable":true,"href":"https:\/\/derekvanheel.com\/index.php?rest_route=\/wp\/v2\/users\/1"}],"replies":[{"embeddable":true,"href":"https:\/\/derekvanheel.com\/index.php?rest_route=%2Fwp%2Fv2%2Fcomments&post=744"}],"version-history":[{"count":6,"href":"https:\/\/derekvanheel.com\/index.php?rest_route=\/wp\/v2\/pages\/744\/revisions"}],"predecessor-version":[{"id":818,"href":"https:\/\/derekvanheel.com\/index.php?rest_route=\/wp\/v2\/pages\/744\/revisions\/818"}],"wp:featuredmedia":[{"embeddable":true,"href":"https:\/\/derekvanheel.com\/index.php?rest_route=\/wp\/v2\/media\/124"}],"wp:attachment":[{"href":"https:\/\/derekvanheel.com\/index.php?rest_route=%2Fwp%2Fv2%2Fmedia&parent=744"}],"curies":[{"name":"wp","href":"https:\/\/api.w.org\/{rel}","templated":true}]}}